{"id":49,"date":"2023-10-18T23:55:47","date_gmt":"2023-10-18T23:55:47","guid":{"rendered":"https:\/\/sa-arizona.org\/?page_id=49"},"modified":"2023-10-18T23:55:47","modified_gmt":"2023-10-18T23:55:47","slug":"about-sa","status":"publish","type":"page","link":"https:\/\/sa-arizona.org\/es\/about-sa\/","title":{"rendered":"Acerca de SA"},"content":{"rendered":"<div class=\"wp-block-columns is-layout-flex wp-container-core-columns-is-layout-9d6595d7 wp-block-columns-is-layout-flex\">\n<div class=\"wp-block-column is-layout-flow wp-block-column-is-layout-flow\" style=\"flex-basis:100%\">\n<div class=\"wp-block-columns is-not-stacked-on-mobile is-layout-flex wp-container-core-columns-is-layout-9d6595d7 wp-block-columns-is-layout-flex\">\n<div class=\"wp-block-column is-layout-flow wp-block-column-is-layout-flow\"><a class=\"maxbutton-2 maxbutton maxbutton-contact-us\" href=\"\/es\/common-readings\/the-problem\/\"><span class='mb-text'>Sobre el problema<\/span><\/a>\n<\/div>\n\n\n\n<div class=\"wp-block-column is-layout-flow wp-block-column-is-layout-flow\"><a class=\"maxbutton-2 maxbutton maxbutton-contact-us\" href=\"\/es\/common-readings\/the-solution\/\"><span class='mb-text'>Acerca de la soluci\u00f3n<\/span><\/a>\n<\/div>\n<\/div>\n<\/div>\n<\/div>\n\n\n\n<div class=\"wp-block-columns is-layout-flex wp-container-core-columns-is-layout-9d6595d7 wp-block-columns-is-layout-flex\">\n<div class=\"wp-block-column is-layout-flow wp-block-column-is-layout-flow\">\n<h2 class=\"wp-block-heading\">\u00bfQu\u00e9 es Sex\u00f3licos An\u00f3nimos?<\/h2>\n\n\n\n<p>Sex\u00f3licos An\u00f3nimos es una comunidad de hombres y mujeres que comparten su experiencia, fortaleza y esperanza unos con otros para poder resolver su problema com\u00fan y ayudar a otros a recuperarse.<br><br>El \u00fanico requisito para ser miembro es el deseo de dejar de codiciar y volverse sexualmente sobrio. No hay cuotas ni tarifas por ser miembro de SA; Nos sustentamos a trav\u00e9s de nuestras propias contribuciones.<\/p>\n\n\n\n<p>SA no est\u00e1 aliada con ninguna secta, denominaci\u00f3n, pol\u00edtica, organizaci\u00f3n o instituci\u00f3n; no desea involucrarse en ninguna controversia; ni apoya ni se opone a ninguna causa.<br><br>Nuestro objetivo principal es mantenernos sexualmente sobrios y ayudar a otros a lograr la sobriedad sexual.<\/p>\n\n\n\n<p><em>\u00a9 1989, 2001 SA Literatura.<br>Reimpreso con autorizaci\u00f3n de SA Literature.<\/em><\/p>\n<\/div>\n<\/div>\n\n\n\n<h2 class=\"wp-block-heading\">\u00bfQu\u00e9 es un adicto al sexo?<\/h2>\n\n\n\n<p>S\u00f3lo podemos hablar por nosotros mismos. La naturaleza especializada de Sex\u00f3licos An\u00f3nimos puede entenderse mejor en t\u00e9rminos de lo que llamamos el <em>adicto al sexo<\/em>. El adicto al sexo se ha sacado de todo el contexto de lo que est\u00e1 bien o mal. \u00c9l o ella ha perdido el control, ya no tiene el poder de elegir y no es libre de detenerse. La lujuria se ha convertido en una adicci\u00f3n. Nuestra situaci\u00f3n es como la del alcoh\u00f3lico que ya no puede tolerar el alcohol y debe dejar de beber por completo, pero est\u00e1 enganchado y no puede dejar de beber. Lo mismo ocurre con el sex\u00f3lico, o el borracho sexual, que ya no puede tolerar la lujuria pero no puede detenerla.<\/p>\n\n\n\n<p>De este modo, <em>para el sex\u00f3lico<\/em>, cualquier forma de sexo con uno mismo o con parejas distintas del c\u00f3nyuge es progresivamente adictiva y destructiva. Tambi\u00e9n vemos que la lujuria es la fuerza impulsora detr\u00e1s de nuestra conducta sexual, y la verdadera sobriedad incluye la victoria progresiva sobre la lujuria. Estas conclusiones nos fueron impuestas en el crisol de nuestras experiencias y recuperaci\u00f3n; no tenemos otras opciones. Pero hemos descubierto que la aceptaci\u00f3n de estos hechos es la clave para una libertad feliz y gozosa que de otro modo nunca podr\u00edamos conocer.<\/p>\n\n\n\n<p>Esto desanimar\u00e1 y deber\u00eda desanimar a muchos investigadores que admiten tener obsesi\u00f3n o compulsi\u00f3n sexual pero que simplemente quieren controlarla y disfrutarla, de la misma manera que al alcoh\u00f3lico le gustar\u00eda controlar y disfrutar de la bebida. Hasta que no fuimos llevados al punto de la desesperaci\u00f3n, hasta que realmente quisimos parar pero no pudimos, no nos entregamos a este programa de recuperaci\u00f3n. Sex\u00f3licos An\u00f3nimos es para aquellos que saben que no tienen otra opci\u00f3n que dejar de hacerlo, y su propio inter\u00e9s ego\u00edsta debe dec\u00edrselo.<\/p>\n\n\n\n<p><em>\u00a9 1982, 1989, 2001 SA Literatura.<br>Reimpreso con autorizaci\u00f3n de SA Literature.<\/em><\/p>\n\n\n\n<h2 class=\"wp-block-heading\">\u00bfSoy un adicto al sexo?<\/h2>\n\n\n\n<p>A lo largo de los a\u00f1os, muchos de nosotros hemos tenido que lidiar con esta pregunta. La transici\u00f3n de \u201cexcepto por uno o dos peque\u00f1os problemas de autocontrol, todo est\u00e1 bien\u201d a abrazar un t\u00edtulo que la sociedad reserva para los marginados del orden m\u00e1s bajo, rara vez ocurre de la noche a la ma\u00f1ana. Sin embargo, hemos descubierto que no parece haber un sex\u00f3lico o adicto al sexo representativo, y los hombres y mujeres de nuestra comunidad provienen de todos los \u00e1mbitos de la vida.<\/p>\n\n\n\n<p>El problema b\u00e1sico para la mayor\u00eda de nuestros miembros es que con el tiempo los valores morales y los rasgos de car\u00e1cter que antes nos guiaban dieron paso a la b\u00fasqueda egoc\u00e9ntrica del placer. Atrapados en nosotros mismos, violamos una y otra vez los l\u00edmites familiares, sociales, personales y, a veces, legales.<\/p>\n\n\n\n<p>El <strong>Veinte preguntas<\/strong>, vinculado a continuaci\u00f3n, puede ser una gu\u00eda \u00fatil para proporcionar una visi\u00f3n m\u00e1s profunda del paisaje interior. Si\u00e9ntase libre de responder las preguntas usted mismo; y si decides unirte a nosotros, que encuentres el refugio y el alivio que ha abrazado a muchos de los que te precedimos.<\/p>\n\n\n<a class=\"maxbutton-1 maxbutton maxbutton-test-myself\" href=\"\/es\/common-readings\/twenty-questions\/\"><span class='mb-text'>Ponerme a prueba<\/span><\/a>","protected":false},"excerpt":{"rendered":"<p>What is Sexaholics Anonymous? Sexaholics Anonymous is a fellowship of men and women who share their experience, strength, and hope with each other that they may solve their common problem and help others to recover. The only requirement for membership is a desire to stop lusting and become sexually sober. There are no dues or [&hellip;]<\/p>\n","protected":false},"author":1,"featured_media":0,"parent":0,"menu_order":0,"comment_status":"closed","ping_status":"closed","template":"","meta":{"ocean_post_layout":"","ocean_both_sidebars_style":"","ocean_both_sidebars_content_width":0,"ocean_both_sidebars_sidebars_width":0,"ocean_sidebar":"","ocean_second_sidebar":"","ocean_disable_margins":"enable","ocean_add_body_class":"","ocean_shortcode_before_top_bar":"","ocean_shortcode_after_top_bar":"","ocean_shortcode_before_header":"","ocean_shortcode_after_header":"","ocean_has_shortcode":"","ocean_shortcode_after_title":"","ocean_shortcode_before_footer_widgets":"","ocean_shortcode_after_footer_widgets":"","ocean_shortcode_before_footer_bottom":"","ocean_shortcode_after_footer_bottom":"","ocean_display_top_bar":"default","ocean_display_header":"default","ocean_header_style":"","ocean_center_header_left_menu":"","ocean_custom_header_template":"","ocean_custom_logo":0,"ocean_custom_retina_logo":0,"ocean_custom_logo_max_width":0,"ocean_custom_logo_tablet_max_width":0,"ocean_custom_logo_mobile_max_width":0,"ocean_custom_logo_max_height":0,"ocean_custom_logo_tablet_max_height":0,"ocean_custom_logo_mobile_max_height":0,"ocean_header_custom_menu":"","ocean_menu_typo_font_family":"","ocean_menu_typo_font_subset":"","ocean_menu_typo_font_size":0,"ocean_menu_typo_font_size_tablet":0,"ocean_menu_typo_font_size_mobile":0,"ocean_menu_typo_font_size_unit":"px","ocean_menu_typo_font_weight":"","ocean_menu_typo_font_weight_tablet":"","ocean_menu_typo_font_weight_mobile":"","ocean_menu_typo_transform":"","ocean_menu_typo_transform_tablet":"","ocean_menu_typo_transform_mobile":"","ocean_menu_typo_line_height":0,"ocean_menu_typo_line_height_tablet":0,"ocean_menu_typo_line_height_mobile":0,"ocean_menu_typo_line_height_unit":"","ocean_menu_typo_spacing":0,"ocean_menu_typo_spacing_tablet":0,"ocean_menu_typo_spacing_mobile":0,"ocean_menu_typo_spacing_unit":"","ocean_menu_link_color":"","ocean_menu_link_color_hover":"","ocean_menu_link_color_active":"","ocean_menu_link_background":"","ocean_menu_link_hover_background":"","ocean_menu_link_active_background":"","ocean_menu_social_links_bg":"","ocean_menu_social_hover_links_bg":"","ocean_menu_social_links_color":"","ocean_menu_social_hover_links_color":"","ocean_disable_title":"default","ocean_disable_heading":"default","ocean_post_title":"","ocean_post_subheading":"","ocean_post_title_style":"","ocean_post_title_background_color":"","ocean_post_title_background":0,"ocean_post_title_bg_image_position":"","ocean_post_title_bg_image_attachment":"","ocean_post_title_bg_image_repeat":"","ocean_post_title_bg_image_size":"","ocean_post_title_height":0,"ocean_post_title_bg_overlay":0.5,"ocean_post_title_bg_overlay_color":"","ocean_disable_breadcrumbs":"default","ocean_breadcrumbs_color":"","ocean_breadcrumbs_separator_color":"","ocean_breadcrumbs_links_color":"","ocean_breadcrumbs_links_hover_color":"","ocean_display_footer_widgets":"default","ocean_display_footer_bottom":"default","ocean_custom_footer_template":"","footnotes":""},"class_list":["post-49","page","type-page","status-publish","hentry","entry"],"aioseo_notices":[],"_links":{"self":[{"href":"https:\/\/sa-arizona.org\/es\/wp-json\/wp\/v2\/pages\/49","targetHints":{"allow":["GET"]}}],"collection":[{"href":"https:\/\/sa-arizona.org\/es\/wp-json\/wp\/v2\/pages"}],"about":[{"href":"https:\/\/sa-arizona.org\/es\/wp-json\/wp\/v2\/types\/page"}],"author":[{"embeddable":true,"href":"https:\/\/sa-arizona.org\/es\/wp-json\/wp\/v2\/users\/1"}],"replies":[{"embeddable":true,"href":"https:\/\/sa-arizona.org\/es\/wp-json\/wp\/v2\/comments?post=49"}],"version-history":[{"count":0,"href":"https:\/\/sa-arizona.org\/es\/wp-json\/wp\/v2\/pages\/49\/revisions"}],"wp:attachment":[{"href":"https:\/\/sa-arizona.org\/es\/wp-json\/wp\/v2\/media?parent=49"}],"curies":[{"name":"gracias","href":"https:\/\/api.w.org\/{rel}","templated":true}]}}