{"id":440,"date":"2023-10-26T17:56:14","date_gmt":"2023-10-27T00:56:14","guid":{"rendered":"https:\/\/sa-arizona.org\/?page_id=440"},"modified":"2023-10-26T18:21:30","modified_gmt":"2023-10-27T01:21:30","slug":"donate-to-sa-intergroup","status":"publish","type":"page","link":"https:\/\/sa-arizona.org\/es\/donate-to-sa-intergroup\/","title":{"rendered":"Donar al intergrupo SA"},"content":{"rendered":"<h2 class=\"wp-block-heading\">Contribuciones<\/h2>\n\n\n\n<blockquote class=\"wp-block-quote is-layout-flow wp-block-quote-is-layout-flow\">\n<p><br>Cada grupo de SA deber\u00eda ser totalmente autosuficiente y rechazar las contribuciones externas.<\/p>\n<cite>Tradici\u00f3n 7<\/cite><\/blockquote>\n\n\n\n<blockquote class=\"wp-block-quote is-layout-flow wp-block-quote-is-layout-flow\">\n<p>El \u00fanico requisito para ser miembro es el deseo de dejar de codiciar y volverse sexualmente sobrio.<\/p>\n<cite>Tradici\u00f3n 3<\/cite><\/blockquote>\n\n\n\n<p>Si puede, siempre es mejor donar directamente al grupo del que forma parte, para ayudarlos a ser completamente autosuficientes. Los fondos excedentes m\u00e1s all\u00e1 de la reserva prudente para nuestros grupos tradicionalmente se devuelven al Intergrupo.<\/p>\n\n\n\n<p>La donaci\u00f3n recomendada es de $2-$3 por reuni\u00f3n por miembro. De acuerdo con la Tradici\u00f3n 3, esto es una sugerencia y no un requisito para ser miembro.<\/p>\n\n\n\n<h2 class=\"wp-block-heading\">Donaciones en l\u00ednea<\/h2>\n\n\n\n<p>Todas las donaciones electr\u00f3nicas a SA Intergroup se realizan a trav\u00e9s de PayPal. Hay un bot\u00f3n disponible en la parte inferior de cada p\u00e1gina. Tenga en cuenta que al hacer clic en el bot\u00f3n donar, se aplica una tarifa de transacci\u00f3n de 2.89% + $0.49. Esto significa que por una contribuci\u00f3n de $2, el intergrupo recibir\u00e1 $1,45. Si tiene una cuenta PayPal, puede enviar dinero directamente a <strong>az.sa.intergroup@gmail.com<\/strong> usando la aplicaci\u00f3n o el sitio web de PayPal, seleccionando &quot;Amigos y familiares&quot; sin cargo si as\u00ed lo desea.<\/p>\n\n\n\n<p>Nuestra cuenta de PayPal actualmente est\u00e1 configurada y administrada por nuestro WebMaster (Rick M). Debemos mantener una persona adscrita a PayPal para cumplir con sus t\u00e9rminos de servicio. Nuestro webmaster no recibe ninguno de los fondos aportados y se env\u00edan a la cuenta bancaria administrada por nuestro Tesorero Intergrupal.<\/p>\n\n\n\n<div class=\"wp-block-columns is-layout-flex wp-container-core-columns-is-layout-9d6595d7 wp-block-columns-is-layout-flex\">\n<div class=\"wp-block-column is-layout-flow wp-block-column-is-layout-flow\"><\/div>\n\n\n\n<div class=\"wp-block-column is-layout-flow wp-block-column-is-layout-flow\"><style>\r\n        .wpedon-container .wpedon-select,\r\n        .wpedon-container .wpedon-input {\r\n            width: 171px;\r\n            min-width: 171px;\r\n            max-width: 171px;\r\n        }\r\n    <\/style><div class='wpedon-container wpedon-align-left'><label id='wpedon-433-name-label'>Donar al Intergrupo Arizona SA<\/label><br \/><form target='_blank' action='https:\/\/www.paypal.com\/cgi-bin\/webscr' method='post' class='wpedon-form'><input type='hidden' name='cmd' value='_donations' \/><input type='hidden' name='business' value='az.sa.intergroup@gmail.com' \/><input type='hidden' name='currency_code' value='USD' \/><input type='hidden' name='notify_url' value='https:\/\/sa-arizona.org\/wp-admin\/admin-post.php?action=add_wpedon_button_ipn'><input type='hidden' name='lc' value='en_US'><input type='hidden' name='bn' value='WPPlugin_SP'><input type='hidden' name='return' value='https:\/\/sa-arizona.org\/thank-you' \/><input type='hidden' name='cancel_return' value='https:\/\/sa-arizona.org\/donate-to-sa-intergroup\/' \/><input class='wpedon_paypalbuttonimage' type='image' src='https:\/\/www.paypal.com\/en_US\/i\/btn\/btn_donateCC_LG.gif' border='0' name='submit' alt='Make your payments with PayPal. It is free, secure, effective.' style='border: none;'><img alt='' border='0' style='border:none;display:none;' src='https:\/\/www.paypal.com\/en_US\/i\/scr\/pixel.gif' width='1' height='1'><input type='hidden' name='amount' id='amount_54e5a525c594fb8367b5a746fa26263d' value='' \/><input type='hidden' name='price' id='price_54e5a525c594fb8367b5a746fa26263d' value='' \/><input type='hidden' name='item_number' value='' \/><input type='hidden' name='item_name' value='Donate to Arizona SA Intergroup' \/><input type='hidden' name='name' value='Donate to Arizona SA Intergroup' \/><input type='hidden' name='custom' value='433'><input type='hidden' name='no_shipping' value='1'><input type='hidden' name='no_note' value='1'><input type='hidden' name='currency_code' value='USD'><\/form><\/div>\n<\/div>\n\n\n\n<div class=\"wp-block-column is-layout-flow wp-block-column-is-layout-flow\"><\/div>\n<\/div>\n\n\n\n<h2 class=\"wp-block-heading\">El trabajo del intergrupo<\/h2>\n\n\n\n<p>Nosotros, los que servimos en el Intergrupo de SA de Arizona, lo hacemos para apoyar todas las reuniones bajo nuestro paraguas y ayudar a llevar el mensaje de SA al estado de Arizona. Esto incluye pero no se limita a:<\/p>\n\n\n\n<ul class=\"wp-block-list\">\n<li>Seguro Anual<\/li>\n\n\n\n<li>Biblioteca intergrupal<\/li>\n\n\n\n<li>Mantenimiento de las l\u00edneas telef\u00f3nicas directas<\/li>\n\n\n\n<li>Mantenimiento del sitio web<\/li>\n\n\n\n<li>Contribuciones financieras a SAICO (Oficina Central Internacional de Sexaholics Anonymous)<\/li>\n\n\n\n<li>Contribuciones financieras y personales a la regi\u00f3n suroeste de Sud\u00e1frica<\/li>\n<\/ul>\n\n\n\n<p>Al apoyar a Intergroup, est\u00e1s contribuyendo a nuestro trabajo. Todos los miembros no son m\u00e1s que servidores, y todos los servicios prestados al Intergrupo SA se realizan de forma gratuita por parte de los compa\u00f1eros miembros.<\/p>\n\n\n\n<h2 class=\"wp-block-heading\">Miembros del intergrupo<\/h2>\n\n\n\n<p>Para mantener el anonimato, no publicamos los nombres de nuestros miembros de ninguna manera p\u00fablica. No dude en preguntarle al secretario de su grupo qui\u00e9nes son estas personas o cu\u00e1ndo ser\u00e1 la pr\u00f3xima reuni\u00f3n intergrupal. Todos los miembros de Arizona SA son bienvenidos a asistir a nuestra reuni\u00f3n mensual de negocios del Intergrupo.<\/p>","protected":false},"excerpt":{"rendered":"<p>Contributions Every SA group ought to be fully self-supporting, declining outside contributions. Tradition 7 The only requirement for membership is a desire to stop lusting and become sexually sober. Tradition 3 If you are able, it is always best to give directly to the group of which you are a part, to support them in [&hellip;]<\/p>\n","protected":false},"author":1,"featured_media":0,"parent":0,"menu_order":0,"comment_status":"closed","ping_status":"closed","template":"","meta":{"ocean_post_layout":"","ocean_both_sidebars_style":"","ocean_both_sidebars_content_width":0,"ocean_both_sidebars_sidebars_width":0,"ocean_sidebar":"","ocean_second_sidebar":"","ocean_disable_margins":"enable","ocean_add_body_class":"","ocean_shortcode_before_top_bar":"","ocean_shortcode_after_top_bar":"","ocean_shortcode_before_header":"","ocean_shortcode_after_header":"","ocean_has_shortcode":"","ocean_shortcode_after_title":"","ocean_shortcode_before_footer_widgets":"","ocean_shortcode_after_footer_widgets":"","ocean_shortcode_before_footer_bottom":"","ocean_shortcode_after_footer_bottom":"","ocean_display_top_bar":"default","ocean_display_header":"default","ocean_header_style":"","ocean_center_header_left_menu":"","ocean_custom_header_template":"","ocean_custom_logo":0,"ocean_custom_retina_logo":0,"ocean_custom_logo_max_width":0,"ocean_custom_logo_tablet_max_width":0,"ocean_custom_logo_mobile_max_width":0,"ocean_custom_logo_max_height":0,"ocean_custom_logo_tablet_max_height":0,"ocean_custom_logo_mobile_max_height":0,"ocean_header_custom_menu":"","ocean_menu_typo_font_family":"","ocean_menu_typo_font_subset":"","ocean_menu_typo_font_size":0,"ocean_menu_typo_font_size_tablet":0,"ocean_menu_typo_font_size_mobile":0,"ocean_menu_typo_font_size_unit":"px","ocean_menu_typo_font_weight":"","ocean_menu_typo_font_weight_tablet":"","ocean_menu_typo_font_weight_mobile":"","ocean_menu_typo_transform":"","ocean_menu_typo_transform_tablet":"","ocean_menu_typo_transform_mobile":"","ocean_menu_typo_line_height":0,"ocean_menu_typo_line_height_tablet":0,"ocean_menu_typo_line_height_mobile":0,"ocean_menu_typo_line_height_unit":"","ocean_menu_typo_spacing":0,"ocean_menu_typo_spacing_tablet":0,"ocean_menu_typo_spacing_mobile":0,"ocean_menu_typo_spacing_unit":"","ocean_menu_link_color":"","ocean_menu_link_color_hover":"","ocean_menu_link_color_active":"","ocean_menu_link_background":"","ocean_menu_link_hover_background":"","ocean_menu_link_active_background":"","ocean_menu_social_links_bg":"","ocean_menu_social_hover_links_bg":"","ocean_menu_social_links_color":"","ocean_menu_social_hover_links_color":"","ocean_disable_title":"default","ocean_disable_heading":"default","ocean_post_title":"","ocean_post_subheading":"","ocean_post_title_style":"","ocean_post_title_background_color":"","ocean_post_title_background":0,"ocean_post_title_bg_image_position":"","ocean_post_title_bg_image_attachment":"","ocean_post_title_bg_image_repeat":"","ocean_post_title_bg_image_size":"","ocean_post_title_height":0,"ocean_post_title_bg_overlay":0.5,"ocean_post_title_bg_overlay_color":"","ocean_disable_breadcrumbs":"default","ocean_breadcrumbs_color":"","ocean_breadcrumbs_separator_color":"","ocean_breadcrumbs_links_color":"","ocean_breadcrumbs_links_hover_color":"","ocean_display_footer_widgets":"default","ocean_display_footer_bottom":"default","ocean_custom_footer_template":"","footnotes":""},"class_list":["post-440","page","type-page","status-publish","hentry","entry"],"aioseo_notices":[],"_links":{"self":[{"href":"https:\/\/sa-arizona.org\/es\/wp-json\/wp\/v2\/pages\/440","targetHints":{"allow":["GET"]}}],"collection":[{"href":"https:\/\/sa-arizona.org\/es\/wp-json\/wp\/v2\/pages"}],"about":[{"href":"https:\/\/sa-arizona.org\/es\/wp-json\/wp\/v2\/types\/page"}],"author":[{"embeddable":true,"href":"https:\/\/sa-arizona.org\/es\/wp-json\/wp\/v2\/users\/1"}],"replies":[{"embeddable":true,"href":"https:\/\/sa-arizona.org\/es\/wp-json\/wp\/v2\/comments?post=440"}],"version-history":[{"count":6,"href":"https:\/\/sa-arizona.org\/es\/wp-json\/wp\/v2\/pages\/440\/revisions"}],"predecessor-version":[{"id":454,"href":"https:\/\/sa-arizona.org\/es\/wp-json\/wp\/v2\/pages\/440\/revisions\/454"}],"wp:attachment":[{"href":"https:\/\/sa-arizona.org\/es\/wp-json\/wp\/v2\/media?parent=440"}],"curies":[{"name":"gracias","href":"https:\/\/api.w.org\/{rel}","templated":true}]}}