{"id":325,"date":"2023-10-18T20:43:03","date_gmt":"2023-10-18T20:43:03","guid":{"rendered":"https:\/\/sa-arizona.org\/?page_id=7"},"modified":"2023-11-09T08:28:33","modified_gmt":"2023-11-09T15:28:33","slug":"sa-arizona","status":"publish","type":"page","link":"https:\/\/sa-arizona.org\/es\/","title":{"rendered":"Sex\u00f3licos an\u00f3nimos de Arizona"},"content":{"rendered":"<div class=\"wp-block-cover is-light\" style=\"min-height:190px;aspect-ratio:unset;\"><span aria-hidden=\"true\" class=\"wp-block-cover__background has-background-dim\"><\/span><img loading=\"lazy\" decoding=\"async\" width=\"1024\" height=\"362\" class=\"wp-block-cover__image-background wp-image-467\" alt=\"\" src=\"https:\/\/sa-arizona.org\/wp-content\/uploads\/2023\/11\/iStock-532702729-1-1024x362.jpg\" data-object-fit=\"cover\" srcset=\"https:\/\/sa-arizona.org\/wp-content\/uploads\/2023\/11\/iStock-532702729-1-1024x362.jpg 1024w, https:\/\/sa-arizona.org\/wp-content\/uploads\/2023\/11\/iStock-532702729-1-300x106.jpg 300w, https:\/\/sa-arizona.org\/wp-content\/uploads\/2023\/11\/iStock-532702729-1-768x271.jpg 768w, https:\/\/sa-arizona.org\/wp-content\/uploads\/2023\/11\/iStock-532702729-1-18x6.jpg 18w, https:\/\/sa-arizona.org\/wp-content\/uploads\/2023\/11\/iStock-532702729-1.jpg 1254w\" sizes=\"auto, (max-width: 1024px) 100vw, 1024px\" \/><div class=\"wp-block-cover__inner-container is-layout-flow wp-block-cover-is-layout-flow\">\n<p class=\"has-text-align-center has-white-color has-text-color has-x-large-font-size\">SA Arizona<\/p>\n\n\n\n<p class=\"has-text-align-center has-white-color has-text-color has-medium-font-size\">Confraternidad + Recuperaci\u00f3n = Sanaci\u00f3n<\/p>\n<\/div><\/div>\n\n\n<nav class=\"has-background has-white-background-color has-medium-font-size is-responsive items-justified-space-between wp-block-navigation is-content-justification-space-between is-layout-flex wp-container-core-navigation-is-layout-3d213aab wp-block-navigation-is-layout-flex\" aria-label=\"Primaria - Ing\" \n\t\t data-wp-interactive=\"core\/navigation\" data-wp-context='{\"overlayOpenedBy\":{\"click\":false,\"hover\":false,\"focus\":false},\"type\":\"overlay\",\"roleAttribute\":\"\",\"ariaLabel\":\"Men\\u00fa\"}'><button aria-haspopup=\"dialog\" aria-label=\"Abrir el men\u00fa\" class=\"wp-block-navigation__responsive-container-open\" \n\t\t\t\tdata-wp-on--click=\"actions.openMenuOnClick\"\n\t\t\t\tdata-wp-on--keydown=\"actions.handleMenuKeydown\"\n\t\t\t><svg width=\"24\" height=\"24\" xmlns=\"http:\/\/www.w3.org\/2000\/svg\" viewbox=\"0 0 24 24\"><path d=\"M5 5v1.5h14V5H5z\"><\/path><path d=\"M5 12.8h14v-1.5H5v1.5z\"><\/path><path d=\"M5 19h14v-1.5H5V19z\"><\/path><\/svg><\/button>\n\t\t\t\t<div class=\"wp-block-navigation__responsive-container\"  id=\"modal-1\" \n\t\t\t\tdata-wp-class--has-modal-open=\"state.isMenuOpen\"\n\t\t\t\tdata-wp-class--is-menu-open=\"state.isMenuOpen\"\n\t\t\t\tdata-wp-watch=\"callbacks.initMenu\"\n\t\t\t\tdata-wp-on--keydown=\"actions.handleMenuKeydown\"\n\t\t\t\tdata-wp-on--focusout=\"actions.handleMenuFocusout\"\n\t\t\t\ttabindex=\"-1\"\n\t\t\t>\n\t\t\t\t\t<div class=\"wp-block-navigation__responsive-close\" tabindex=\"-1\">\n\t\t\t\t\t\t<div class=\"wp-block-navigation__responsive-dialog\" \n\t\t\t\tdata-wp-bind--aria-modal=\"state.ariaModal\"\n\t\t\t\tdata-wp-bind--aria-label=\"state.ariaLabel\"\n\t\t\t\tdata-wp-bind--role=\"state.roleAttribute\"\n\t\t\t>\n\t\t\t\t\t\t\t<button aria-label=\"Cerrar el men\u00fa\" class=\"wp-block-navigation__responsive-container-close\" \n\t\t\t\tdata-wp-on--click=\"actions.closeMenuOnClick\"\n\t\t\t><svg xmlns=\"http:\/\/www.w3.org\/2000\/svg\" viewbox=\"0 0 24 24\" width=\"24\" height=\"24\" aria-hidden=\"true\" focusable=\"false\"><path d=\"m13.06 12 6.47-6.47-1.06-1.06L12 10.94 5.53 4.47 4.47 5.53 10.94 12l-6.47 6.47 1.06 1.06L12 13.06l6.47 6.47 1.06-1.06L13.06 12Z\"><\/path><\/svg><\/button>\n\t\t\t\t\t\t\t<div class=\"wp-block-navigation__responsive-container-content\" \n\t\t\t\tdata-wp-watch=\"callbacks.focusFirstElement\"\n\t\t\t id=\"modal-1-content\">\n\t\t\t\t\t\t\t\t<ul class=\"wp-block-navigation__container has-background has-white-background-color has-medium-font-size is-responsive items-justified-space-between wp-block-navigation has-medium-font-size\"><li class=\"has-medium-font-size wp-block-navigation-item wp-block-navigation-link\"><a class=\"wp-block-navigation-item__content\"  href=\"\/es\/donate-to-sa-intergroup\/\"><span class=\"wp-block-navigation-item__label\">Donar<\/span><\/a><\/li><li class=\"has-medium-font-size wp-block-navigation-item wp-block-navigation-link\"><a class=\"wp-block-navigation-item__content\"  href=\"\/es\/meetings\/?tsml-day=any\"><span class=\"wp-block-navigation-item__label\">Encuentre una reuni\u00f3n<\/span><\/a><\/li><li class=\"has-medium-font-size wp-block-navigation-item wp-block-navigation-link\"><a class=\"wp-block-navigation-item__content\"  href=\"\/es\/contact-us\/\"><span class=\"wp-block-navigation-item__label\">Cont\u00e1ctenos<\/span><\/a><\/li><li class=\"has-medium-font-size wp-block-navigation-item wp-block-navigation-link\"><a class=\"wp-block-navigation-item__content\"  href=\"\/es\/common-readings\/\"><span class=\"wp-block-navigation-item__label\">Lecturas comunes<\/span><\/a><\/li><li class=\"has-medium-font-size wp-block-navigation-item wp-block-navigation-link\"><a class=\"wp-block-navigation-item__content\"  href=\"http:\/\/SA.org\"><span class=\"wp-block-navigation-item__label\">SA.org<\/span><\/a><\/li><\/ul>\n\t\t\t\t\t\t\t<\/div>\n\t\t\t\t\t\t<\/div>\n\t\t\t\t\t<\/div>\n\t\t\t\t<\/div><\/nav>\n\n\n<hr class=\"wp-block-separator has-alpha-channel-opacity\"\/>\n\n\n\n<div class=\"wp-block-columns is-layout-flex wp-container-core-columns-is-layout-9d6595d7 wp-block-columns-is-layout-flex\">\n<div class=\"wp-block-column is-layout-flow wp-block-column-is-layout-flow\">\n<div class=\"wp-block-group\"><div class=\"wp-block-group__inner-container is-layout-constrained wp-block-group-is-layout-constrained\">\n<div class=\"wp-block-group\"><div class=\"wp-block-group__inner-container is-layout-constrained wp-block-group-is-layout-constrained\">\n<div class=\"wp-block-cover is-light\" style=\"min-height:240px;aspect-ratio:unset;\"><span aria-hidden=\"true\" class=\"wp-block-cover__background has-background-dim wp-block-cover__gradient-background has-background-gradient has-very-light-gray-to-cyan-bluish-gray-gradient-background\"><\/span><img decoding=\"async\" class=\"wp-block-cover__image-background wp-image-30\" alt=\"\" src=\"https:\/\/sa-arizona.org\/wp-content\/uploads\/2023\/10\/aboutcactus.jpg\" style=\"object-position:22% 15%\" data-object-fit=\"cover\" data-object-position=\"22% 15%\"\/><div class=\"wp-block-cover__inner-container is-layout-flow wp-block-cover-is-layout-flow\">\n<p class=\"has-text-align-center has-large-font-size\"><a href=\"\/es\/about-sa\/\" title=\"\">Acerca de SA<\/a><\/p>\n\n\n\n<p>Sex\u00f3licos An\u00f3nimos es una comunidad de hombres y mujeres que comparten su experiencia, fortaleza y esperanza unos con otros para poder resolver su problema com\u00fan y ayudar a otros a recuperarse.<\/p>\n<\/div><\/div>\n<\/div><\/div>\n<\/div><\/div>\n<\/div>\n\n\n\n<div class=\"wp-block-column is-layout-flow wp-block-column-is-layout-flow\">\n<div class=\"wp-block-cover is-light\" style=\"min-height:240px;aspect-ratio:unset;\"><span aria-hidden=\"true\" class=\"wp-block-cover__background has-background-dim wp-block-cover__gradient-background has-background-gradient\" style=\"background:linear-gradient(135deg,rgb(238,238,238) 26%,rgb(169,184,195) 100%)\"><\/span><img decoding=\"async\" class=\"wp-block-cover__image-background wp-image-29\" alt=\"\" src=\"https:\/\/sa-arizona.org\/wp-content\/uploads\/2023\/10\/problemlightning.jpg\" style=\"object-position:98% 51%\" data-object-fit=\"cover\" data-object-position=\"98% 51%\"\/><div class=\"wp-block-cover__inner-container is-layout-flow wp-block-cover-is-layout-flow\">\n<p class=\"has-text-align-center has-large-font-size\"><a href=\"\/es\/sobriety\/\" title=\"\">C\u00f3mo funciona<\/a><\/p>\n\n\n\n<p>Descubrir - Descartar - Descubrir. Este ciclo describe esencialmente el proceso que ocurre al trabajar los pasos. Cada nueva capa de conciencia conduce a la entrega de nuestros defectos de car\u00e1cter.<\/p>\n<\/div><\/div>\n<\/div>\n<\/div>\n\n\n\n<hr class=\"wp-block-separator has-alpha-channel-opacity\"\/>\n\n\n\n<div class=\"wp-block-columns is-layout-flex wp-container-core-columns-is-layout-9d6595d7 wp-block-columns-is-layout-flex\">\n<div class=\"wp-block-column is-layout-flow wp-block-column-is-layout-flow\">\n<div class=\"wp-block-cover is-light\" style=\"min-height:240px;aspect-ratio:unset;\"><span aria-hidden=\"true\" class=\"wp-block-cover__background has-background-dim wp-block-cover__gradient-background has-background-gradient has-very-light-gray-to-cyan-bluish-gray-gradient-background\"><\/span><img decoding=\"async\" class=\"wp-block-cover__image-background wp-image-27\" alt=\"\" src=\"https:\/\/sa-arizona.org\/wp-content\/uploads\/2023\/10\/sexaholicmonument.jpg\" style=\"object-position:16% 8%\" data-object-fit=\"cover\" data-object-position=\"16% 8%\"\/><div class=\"wp-block-cover__inner-container is-layout-flow wp-block-cover-is-layout-flow\">\n<p class=\"has-text-align-center has-large-font-size\"><a href=\"\/es\/common-readings\/the-problem\/\" title=\"\">El problema<\/a><\/p>\n\n\n\n<p>Muchos de nosotros nos sentimos inadecuados, indignos, solos y asustados. Nuestro interior nunca coincidi\u00f3 con lo que vimos en el exterior de los dem\u00e1s. Al principio llegamos a sentirnos desconectados de nuestros padres, de nuestros compa\u00f1eros y de nosotros mismos.<\/p>\n<\/div><\/div>\n<\/div>\n\n\n\n<div class=\"wp-block-column is-layout-flow wp-block-column-is-layout-flow\">\n<div class=\"wp-block-cover is-light\" style=\"min-height:240px;aspect-ratio:unset;\"><span aria-hidden=\"true\" class=\"wp-block-cover__background has-background-dim wp-block-cover__gradient-background has-background-gradient has-very-light-gray-to-cyan-bluish-gray-gradient-background\"><\/span><img decoding=\"async\" class=\"wp-block-cover__image-background wp-image-20\" alt=\"\" src=\"https:\/\/sa-arizona.org\/wp-content\/uploads\/2023\/10\/solutionyucca.jpg\" style=\"object-position:23% 10%\" data-object-fit=\"cover\" data-object-position=\"23% 10%\"\/><div class=\"wp-block-cover__inner-container is-layout-flow wp-block-cover-is-layout-flow\">\n<p class=\"has-text-align-center has-large-font-size\"><a href=\"\/es\/common-readings\/the-solution\/\" title=\"\">La soluci\u00f3n<\/a><\/p>\n\n\n\n<p class=\"has-text-align-left\">Vimos que nuestro problema era triple: f\u00edsico, emocional y espiritual. La curaci\u00f3n ten\u00eda que producirse en los tres. El cambio crucial de actitud comenz\u00f3 cuando admitimos que \u00e9ramos impotentes.<\/p>\n<\/div><\/div>\n<\/div>\n<\/div>\n\n\n\n<hr class=\"wp-block-separator has-alpha-channel-opacity\"\/>\n\n\n\n<div class=\"wp-block-columns is-layout-flex wp-container-core-columns-is-layout-9d6595d7 wp-block-columns-is-layout-flex\">\n<div class=\"wp-block-column is-layout-flow wp-block-column-is-layout-flow\">\n<div class=\"wp-block-cover is-light\" style=\"min-height:240px;aspect-ratio:unset;\"><span aria-hidden=\"true\" class=\"wp-block-cover__background has-background-dim wp-block-cover__gradient-background has-background-gradient has-very-light-gray-to-cyan-bluish-gray-gradient-background\"><\/span><img decoding=\"async\" class=\"wp-block-cover__image-background wp-image-28\" alt=\"\" src=\"https:\/\/sa-arizona.org\/wp-content\/uploads\/2023\/10\/recoverfirework.jpg\" data-object-fit=\"cover\"\/><div class=\"wp-block-cover__inner-container is-layout-flow wp-block-cover-is-layout-flow\">\n<p class=\"has-text-align-center has-large-font-size\"><a href=\"\/es\/meetings\/?tsml-day=any\" title=\"\">Encuentre una reuni\u00f3n<\/a><\/p>\n\n\n\n<p>Un listado de reuniones Locales, tanto presenciales como online v\u00eda zoom. Todas las reuniones son reuniones cerradas a menos que se especifique lo contrario. Una reuni\u00f3n a puerta cerrada es s\u00f3lo para aquellos que desean su propia sobriedad sexual personal.<\/p>\n<\/div><\/div>\n<\/div>\n\n\n\n<div class=\"wp-block-column is-layout-flow wp-block-column-is-layout-flow\">\n<div class=\"wp-block-cover is-light\" style=\"min-height:240px;aspect-ratio:unset;\"><span aria-hidden=\"true\" class=\"wp-block-cover__background has-background-dim wp-block-cover__gradient-background has-background-gradient has-very-light-gray-to-cyan-bluish-gray-gradient-background\"><\/span><img decoding=\"async\" class=\"wp-block-cover__image-background wp-image-31\" alt=\"\" src=\"https:\/\/sa-arizona.org\/wp-content\/uploads\/2023\/10\/meetingroute.jpg\" data-object-fit=\"cover\"\/><div class=\"wp-block-cover__inner-container is-layout-flow wp-block-cover-is-layout-flow\">\n<p class=\"has-text-align-center has-large-font-size\"><a href=\"\/es\/contact-us\/\" title=\"\">Cont\u00e1ctenos<\/a><\/p>\n\n\n\n<p>Si esta es su primera consulta a Sex\u00f3licos An\u00f3nimos, le pedimos que nos llame o env\u00ede un correo electr\u00f3nico antes de presentarse a una reuni\u00f3n, para garantizar su bienestar y el anonimato de nuestra comunidad.<\/p>\n<\/div><\/div>\n<\/div>\n<\/div>","protected":false},"excerpt":{"rendered":"","protected":false},"author":1,"featured_media":0,"parent":0,"menu_order":0,"comment_status":"closed","ping_status":"closed","template":"","meta":{"ocean_post_layout":"","ocean_both_sidebars_style":"","ocean_both_sidebars_content_width":0,"ocean_both_sidebars_sidebars_width":0,"ocean_sidebar":"","ocean_second_sidebar":"","ocean_disable_margins":"on","ocean_add_body_class":"","ocean_shortcode_before_top_bar":"","ocean_shortcode_after_top_bar":"","ocean_shortcode_before_header":"","ocean_shortcode_after_header":"","ocean_has_shortcode":"","ocean_shortcode_after_title":"","ocean_shortcode_before_footer_widgets":"","ocean_shortcode_after_footer_widgets":"","ocean_shortcode_before_footer_bottom":"","ocean_shortcode_after_footer_bottom":"","ocean_display_top_bar":"default","ocean_display_header":"default","ocean_header_style":"full_screen","ocean_center_header_left_menu":"","ocean_custom_header_template":"","ocean_custom_logo":0,"ocean_custom_retina_logo":0,"ocean_custom_logo_max_width":0,"ocean_custom_logo_tablet_max_width":0,"ocean_custom_logo_mobile_max_width":0,"ocean_custom_logo_max_height":0,"ocean_custom_logo_tablet_max_height":0,"ocean_custom_logo_mobile_max_height":0,"ocean_header_custom_menu":"4","ocean_menu_typo_font_family":"","ocean_menu_typo_font_subset":"","ocean_menu_typo_font_size":0,"ocean_menu_typo_font_size_tablet":0,"ocean_menu_typo_font_size_mobile":0,"ocean_menu_typo_font_size_unit":"px","ocean_menu_typo_font_weight":"","ocean_menu_typo_font_weight_tablet":"","ocean_menu_typo_font_weight_mobile":"","ocean_menu_typo_transform":"","ocean_menu_typo_transform_tablet":"","ocean_menu_typo_transform_mobile":"","ocean_menu_typo_line_height":0,"ocean_menu_typo_line_height_tablet":0,"ocean_menu_typo_line_height_mobile":0,"ocean_menu_typo_line_height_unit":"","ocean_menu_typo_spacing":0,"ocean_menu_typo_spacing_tablet":0,"ocean_menu_typo_spacing_mobile":0,"ocean_menu_typo_spacing_unit":"","ocean_menu_link_color":"","ocean_menu_link_color_hover":"","ocean_menu_link_color_active":"","ocean_menu_link_background":"","ocean_menu_link_hover_background":"","ocean_menu_link_active_background":"","ocean_menu_social_links_bg":"","ocean_menu_social_hover_links_bg":"","ocean_menu_social_links_color":"","ocean_menu_social_hover_links_color":"","ocean_disable_title":"default","ocean_disable_heading":"default","ocean_post_title":"","ocean_post_subheading":"","ocean_post_title_style":"","ocean_post_title_background_color":"","ocean_post_title_background":0,"ocean_post_title_bg_image_position":"","ocean_post_title_bg_image_attachment":"","ocean_post_title_bg_image_repeat":"","ocean_post_title_bg_image_size":"","ocean_post_title_height":0,"ocean_post_title_bg_overlay":0.5,"ocean_post_title_bg_overlay_color":"","ocean_disable_breadcrumbs":"default","ocean_breadcrumbs_color":"","ocean_breadcrumbs_separator_color":"","ocean_breadcrumbs_links_color":"","ocean_breadcrumbs_links_hover_color":"","ocean_display_footer_widgets":"default","ocean_display_footer_bottom":"default","ocean_custom_footer_template":"","footnotes":""},"class_list":["post-325","page","type-page","status-publish","hentry","entry"],"aioseo_notices":[],"_links":{"self":[{"href":"https:\/\/sa-arizona.org\/es\/wp-json\/wp\/v2\/pages\/325","targetHints":{"allow":["GET"]}}],"collection":[{"href":"https:\/\/sa-arizona.org\/es\/wp-json\/wp\/v2\/pages"}],"about":[{"href":"https:\/\/sa-arizona.org\/es\/wp-json\/wp\/v2\/types\/page"}],"author":[{"embeddable":true,"href":"https:\/\/sa-arizona.org\/es\/wp-json\/wp\/v2\/users\/1"}],"replies":[{"embeddable":true,"href":"https:\/\/sa-arizona.org\/es\/wp-json\/wp\/v2\/comments?post=325"}],"version-history":[{"count":6,"href":"https:\/\/sa-arizona.org\/es\/wp-json\/wp\/v2\/pages\/325\/revisions"}],"predecessor-version":[{"id":475,"href":"https:\/\/sa-arizona.org\/es\/wp-json\/wp\/v2\/pages\/325\/revisions\/475"}],"wp:attachment":[{"href":"https:\/\/sa-arizona.org\/es\/wp-json\/wp\/v2\/media?parent=325"}],"curies":[{"name":"gracias","href":"https:\/\/api.w.org\/{rel}","templated":true}]}}