{"id":252,"date":"2023-10-19T17:07:04","date_gmt":"2023-10-20T00:07:04","guid":{"rendered":"https:\/\/sa-arizona.org\/?page_id=252"},"modified":"2023-10-19T17:07:04","modified_gmt":"2023-10-20T00:07:04","slug":"sobriety","status":"publish","type":"page","link":"https:\/\/sa-arizona.org\/es\/sobriety\/","title":{"rendered":"Sobriedad sexual \u2013 \u00bfQu\u00e9 es?"},"content":{"rendered":"<div class=\"wp-block-columns is-layout-flex wp-container-core-columns-is-layout-9d6595d7 wp-block-columns-is-layout-flex\">\n<div class=\"wp-block-column is-vertically-aligned-top is-layout-flow wp-block-column-is-layout-flow\"><a class=\"maxbutton-2 maxbutton maxbutton-contact-us\" href=\"\/es\/common-readings\/from-chapter-5-of-alcoholics-anonymous\/\"><span class='mb-text'>C\u00f3mo funciona<\/span><\/a>\n<\/div>\n\n\n\n<div class=\"wp-block-column is-layout-flow wp-block-column-is-layout-flow\" style=\"flex-basis:50%\"><a class=\"maxbutton-2 maxbutton maxbutton-contact-us\" href=\"\/es\/common-reaings\/getting-an-sa-sponsor\/\"><span class='mb-text'>Consigue un patrocinador<\/span><\/a>\n<\/div>\n<\/div>\n\n\n\n<h2 class=\"wp-block-heading\">Declaraci\u00f3n de principios de SA<\/h2>\n\n\n\n<p>Tenemos una soluci\u00f3n. No afirmamos que sea para todos, pero para nosotros funciona. Si se identifica con nosotros y cree que puede compartir nuestro problema, nos gustar\u00eda compartir nuestra soluci\u00f3n con usted. <em>(Libro Blanco de SA, 2)<\/em><\/p>\n\n\n\n<p>Al definir la sobriedad, no hablamos en nombre de quienes no pertenecen a Sex\u00f3licos An\u00f3nimos. S\u00f3lo podemos hablar por nosotros mismos. Por lo tanto, para el adicto al sexo casado, la sobriedad sexual significa no tener ning\u00fan tipo de sexo consigo mismo o con otras personas que no sean el c\u00f3nyuge. En la definici\u00f3n de sobriedad de SA, el t\u00e9rmino \u201cc\u00f3nyuge\u201d se refiere a la pareja en un matrimonio entre un hombre y una mujer. Para el adicto al sexo soltero, la sobriedad sexual significa estar libre de sexo de cualquier tipo. Y para todos nosotros, solteros y casados, la sobriedad sexual tambi\u00e9n incluye una victoria progresiva sobre la lujuria. <em>(Adictos al sexo an\u00f3nimos, 191-192)<\/em>.<\/p>\n\n\n\n<p><em>(Aprobado por la Asamblea General de Delegados de febrero de 2010)<\/em><\/p>\n\n\n\n<p>El \u00fanico requisito para ser miembro de SA es el deseo de dejar de codiciar y volverse sexualmente sobrio seg\u00fan la definici\u00f3n de sobriedad de SA.<\/p>\n\n\n\n<p>Dos o m\u00e1s adictos al sexo reunidos para la sobriedad de SA de acuerdo con la definici\u00f3n de sobriedad de SA pueden llamarse a s\u00ed mismos un grupo de SA.<\/p>\n\n\n\n<p>Las reuniones que no se adhieren ni siguen la declaraci\u00f3n de sobriedad de Sex\u00f3licos An\u00f3nimos tal como se establece en la Declaraci\u00f3n de Principios anterior adoptada por la Asamblea General de Delegados en 2010 no son reuniones de SA y no se llamar\u00e1n a s\u00ed mismas reuniones de SA.<\/p>\n\n\n\n<p><em>(Adenda a la S. de P. aprobada por la Asamblea General de Delegados en julio de 2016)<\/em><\/p>","protected":false},"excerpt":{"rendered":"<p>SA Statement of Principle We have a solution. We don\u2019t claim it\u2019s for everybody, but for us, it works. If you identify with us and think you may share our problem, we\u2019d like to share our solution with you. (SA White Book, 2) In defining sobriety, we do not speak for those outside Sexaholics Anonymous. [&hellip;]<\/p>\n","protected":false},"author":1,"featured_media":0,"parent":0,"menu_order":0,"comment_status":"closed","ping_status":"closed","template":"","meta":{"ocean_post_layout":"","ocean_both_sidebars_style":"","ocean_both_sidebars_content_width":0,"ocean_both_sidebars_sidebars_width":0,"ocean_sidebar":"","ocean_second_sidebar":"","ocean_disable_margins":"enable","ocean_add_body_class":"","ocean_shortcode_before_top_bar":"","ocean_shortcode_after_top_bar":"","ocean_shortcode_before_header":"","ocean_shortcode_after_header":"","ocean_has_shortcode":"","ocean_shortcode_after_title":"","ocean_shortcode_before_footer_widgets":"","ocean_shortcode_after_footer_widgets":"","ocean_shortcode_before_footer_bottom":"","ocean_shortcode_after_footer_bottom":"","ocean_display_top_bar":"default","ocean_display_header":"default","ocean_header_style":"","ocean_center_header_left_menu":"","ocean_custom_header_template":"","ocean_custom_logo":0,"ocean_custom_retina_logo":0,"ocean_custom_logo_max_width":0,"ocean_custom_logo_tablet_max_width":0,"ocean_custom_logo_mobile_max_width":0,"ocean_custom_logo_max_height":0,"ocean_custom_logo_tablet_max_height":0,"ocean_custom_logo_mobile_max_height":0,"ocean_header_custom_menu":"","ocean_menu_typo_font_family":"","ocean_menu_typo_font_subset":"","ocean_menu_typo_font_size":0,"ocean_menu_typo_font_size_tablet":0,"ocean_menu_typo_font_size_mobile":0,"ocean_menu_typo_font_size_unit":"px","ocean_menu_typo_font_weight":"","ocean_menu_typo_font_weight_tablet":"","ocean_menu_typo_font_weight_mobile":"","ocean_menu_typo_transform":"","ocean_menu_typo_transform_tablet":"","ocean_menu_typo_transform_mobile":"","ocean_menu_typo_line_height":0,"ocean_menu_typo_line_height_tablet":0,"ocean_menu_typo_line_height_mobile":0,"ocean_menu_typo_line_height_unit":"","ocean_menu_typo_spacing":0,"ocean_menu_typo_spacing_tablet":0,"ocean_menu_typo_spacing_mobile":0,"ocean_menu_typo_spacing_unit":"","ocean_menu_link_color":"","ocean_menu_link_color_hover":"","ocean_menu_link_color_active":"","ocean_menu_link_background":"","ocean_menu_link_hover_background":"","ocean_menu_link_active_background":"","ocean_menu_social_links_bg":"","ocean_menu_social_hover_links_bg":"","ocean_menu_social_links_color":"","ocean_menu_social_hover_links_color":"","ocean_disable_title":"default","ocean_disable_heading":"default","ocean_post_title":"","ocean_post_subheading":"","ocean_post_title_style":"","ocean_post_title_background_color":"","ocean_post_title_background":0,"ocean_post_title_bg_image_position":"","ocean_post_title_bg_image_attachment":"","ocean_post_title_bg_image_repeat":"","ocean_post_title_bg_image_size":"","ocean_post_title_height":0,"ocean_post_title_bg_overlay":0.5,"ocean_post_title_bg_overlay_color":"","ocean_disable_breadcrumbs":"default","ocean_breadcrumbs_color":"","ocean_breadcrumbs_separator_color":"","ocean_breadcrumbs_links_color":"","ocean_breadcrumbs_links_hover_color":"","ocean_display_footer_widgets":"default","ocean_display_footer_bottom":"default","ocean_custom_footer_template":"","footnotes":""},"class_list":["post-252","page","type-page","status-publish","hentry","entry"],"aioseo_notices":[],"_links":{"self":[{"href":"https:\/\/sa-arizona.org\/es\/wp-json\/wp\/v2\/pages\/252","targetHints":{"allow":["GET"]}}],"collection":[{"href":"https:\/\/sa-arizona.org\/es\/wp-json\/wp\/v2\/pages"}],"about":[{"href":"https:\/\/sa-arizona.org\/es\/wp-json\/wp\/v2\/types\/page"}],"author":[{"embeddable":true,"href":"https:\/\/sa-arizona.org\/es\/wp-json\/wp\/v2\/users\/1"}],"replies":[{"embeddable":true,"href":"https:\/\/sa-arizona.org\/es\/wp-json\/wp\/v2\/comments?post=252"}],"version-history":[{"count":0,"href":"https:\/\/sa-arizona.org\/es\/wp-json\/wp\/v2\/pages\/252\/revisions"}],"wp:attachment":[{"href":"https:\/\/sa-arizona.org\/es\/wp-json\/wp\/v2\/media?parent=252"}],"curies":[{"name":"gracias","href":"https:\/\/api.w.org\/{rel}","templated":true}]}}